{"id":2136,"date":"2023-05-05T10:43:04","date_gmt":"2023-05-05T10:43:04","guid":{"rendered":"https:\/\/www.armeriacarril.com\/blog\/?page_id=2136"},"modified":"2023-05-05T10:43:04","modified_gmt":"2023-05-05T10:43:04","slug":"sobre-nosotros","status":"publish","type":"page","link":"https:\/\/carriloutdoor.com\/blog\/sobre-nosotros\/","title":{"rendered":"Sobre nosotros"},"content":{"rendered":"\n<h2 class=\"wp-block-heading\">Antecedentes<\/h2>\n\n\n\n<p><strong>Armer\u00eda Carril Garc\u00eda<\/strong>, se fund\u00f3 en 2001 en Zarza de Granadilla con el objetivo de distribuir art\u00edculos relacionados con el mundo cineg\u00e9tico y del tiro deportivo, pasando a ser Sociedad en el a\u00f1o 2006.<\/p>\n\n\n\n<p>De capital 100% espa\u00f1ol somos una empresa independiente y no contamos en nuestro accionariado ni con capital riesgo ni avalado. Nuestros socios trabajan en la empresa. Est\u00e1n al igual que todos, totalmente comprometidos y \u00e9sta es nuestra se\u00f1al de identidad, el compromiso con la empresa, el entorno y el cliente.<\/p>\n\n\n\n<p>Durante estos a\u00f1os la empresa ha crecido en soluciones, clientes, oferta de productos y servicios, estando siempre en continua evoluci\u00f3n.<\/p>\n\n\n\n<h2 class=\"wp-block-heading\">Equipo humano<\/h2>\n\n\n\n<p>El equipo humano de Armer\u00eda Carril Garc\u00eda se basa en el compromiso, seriedad y esmero en el trato personal y profesional, caracter\u00edsticas que son una de las principales claves del \u00e9xito de nuestra empresa.<\/p>\n\n\n\n<p>Para&nbsp;<strong>Armer\u00eda Carril Garc\u00eda<\/strong>&nbsp;lo importante son las personas. Trabajamos con y para las personas.<\/p>\n\n\n\n<p>Contamos con un equipo humano competitivo y altamente cualificado, sometido a un constante reciclaje y proceso de formaci\u00f3n continuada. Somos conscientes de que la cualificaci\u00f3n del personal es esencial para conseguir los altos objetivos de calidad que perseguimos. Por ello en la selecci\u00f3n evaluamos los conocimientos generales y espec\u00edficos, la experiencia y competencia del personal. Del mismo modo debe estar identificado y comprometido con los valores de la empresa y con nuestros objetivos.<\/p>\n\n\n\n<p>As\u00ed pues, valoramos la confianza y el respeto a las personas y la integridad de las mismas. De aqu\u00ed emana nuestro convencimiento de que el trabajo en equipo es la pieza angular sobre la que se asienta el modelo de crecimiento y desarrollo que perseguimos.<\/p>\n\n\n\n<p>La existencia de un equipo multidisciplinar, unido al trabajo diario, la \u00e9tica y el rigor en las actuaciones, hace posible la consecuci\u00f3n de un objetivo com\u00fan compartiendo la informaci\u00f3n, los conocimientos y la experiencia de nuestro activo humano.<\/p>\n\n\n\n<h2 class=\"wp-block-heading\">Visi\u00f3n y valores<\/h2>\n\n\n\n<p>Armer\u00eda Carril Garc\u00eda trabaja para hacer de su compromiso \u00e9tico y del respeto al entorno la base del sentido de pertenencia y de la confianza de todas las personas y los diferentes colectivos con los que se relaciona. As\u00ed, la visi\u00f3n de\u00a0<strong>Armer\u00eda Carril Garc\u00eda<\/strong>\u00a0es la siguiente:<\/p>\n\n\n\n<blockquote class=\"wp-block-quote is-layout-flow wp-block-quote-is-layout-flow\">\n<p><em>\u201cQueremos ser la Compa\u00f1\u00eda de distribuci\u00f3n de art\u00edculos y complementos cineg\u00e9ticos preferida por nuestro compromiso con la creaci\u00f3n de valor, la calidad de vida, la seguridad de las personas, el cuidado del medio ambiente y la orientaci\u00f3n al cliente\u201d<\/em><\/p>\n<\/blockquote>\n\n\n\n<h2 class=\"wp-block-heading\">Nuestras Sedes<\/h2>\n\n\n\n<h3 class=\"wp-block-heading\">Plasencia<\/h3>\n\n\n\n<p>Avenida de Salamanca, 32, 10600 Plasencia (C\u00e1ceres)<br>927 41 86 77<br>marketing@armeriacarril.com<\/p>\n\n\n\n<div class=\"wp-block-columns is-layout-flex wp-container-core-columns-is-layout-9d6595d7 wp-block-columns-is-layout-flex\">\n<div class=\"wp-block-column is-layout-flow wp-block-column-is-layout-flow\">\n<figure class=\"wp-block-image size-full\"><img fetchpriority=\"high\" decoding=\"async\" width=\"800\" height=\"533\" src=\"https:\/\/blog.armeriacarril.comwp-content\/uploads\/2023\/05\/PLASENCIA-3-11.jpg\" alt=\"\" class=\"wp-image-2138\" srcset=\"https:\/\/carriloutdoor.com\/blog\/wp-content\/uploads\/2023\/05\/PLASENCIA-3-11.jpg 800w, https:\/\/carriloutdoor.com\/blog\/wp-content\/uploads\/2023\/05\/PLASENCIA-3-11-300x200.jpg 300w, https:\/\/carriloutdoor.com\/blog\/wp-content\/uploads\/2023\/05\/PLASENCIA-3-11-768x512.jpg 768w, https:\/\/carriloutdoor.com\/blog\/wp-content\/uploads\/2023\/05\/PLASENCIA-3-11-696x464.jpg 696w\" sizes=\"(max-width: 800px) 100vw, 800px\" \/><\/figure>\n<\/div>\n\n\n\n<div class=\"wp-block-column is-layout-flow wp-block-column-is-layout-flow\">\n<figure class=\"wp-block-image size-full\"><img decoding=\"async\" width=\"800\" height=\"533\" src=\"https:\/\/blog.armeriacarril.comwp-content\/uploads\/2023\/05\/PLASENCIA-2-11.jpg\" alt=\"\" class=\"wp-image-2139\" srcset=\"https:\/\/carriloutdoor.com\/blog\/wp-content\/uploads\/2023\/05\/PLASENCIA-2-11.jpg 800w, https:\/\/carriloutdoor.com\/blog\/wp-content\/uploads\/2023\/05\/PLASENCIA-2-11-300x200.jpg 300w, https:\/\/carriloutdoor.com\/blog\/wp-content\/uploads\/2023\/05\/PLASENCIA-2-11-768x512.jpg 768w, https:\/\/carriloutdoor.com\/blog\/wp-content\/uploads\/2023\/05\/PLASENCIA-2-11-696x464.jpg 696w\" sizes=\"(max-width: 800px) 100vw, 800px\" \/><\/figure>\n<\/div>\n<\/div>\n\n\n\n<h3 class=\"wp-block-heading\">Salamanca<\/h3>\n\n\n\n<p>Calle Astorga 2, 37006 Salamanca\u00a0<br>923 12 44 43\u00a0<br>marketing@armeriacarril.com<\/p>\n\n\n\n<div class=\"wp-block-columns is-layout-flex wp-container-core-columns-is-layout-9d6595d7 wp-block-columns-is-layout-flex\">\n<div class=\"wp-block-column is-layout-flow wp-block-column-is-layout-flow\">\n<figure class=\"wp-block-image size-full\"><img decoding=\"async\" width=\"800\" height=\"533\" src=\"https:\/\/blog.armeriacarril.comwp-content\/uploads\/2023\/05\/salamanca-11.jpg\" alt=\"\" class=\"wp-image-2140\" srcset=\"https:\/\/carriloutdoor.com\/blog\/wp-content\/uploads\/2023\/05\/salamanca-11.jpg 800w, https:\/\/carriloutdoor.com\/blog\/wp-content\/uploads\/2023\/05\/salamanca-11-300x200.jpg 300w, https:\/\/carriloutdoor.com\/blog\/wp-content\/uploads\/2023\/05\/salamanca-11-768x512.jpg 768w, https:\/\/carriloutdoor.com\/blog\/wp-content\/uploads\/2023\/05\/salamanca-11-696x464.jpg 696w\" sizes=\"(max-width: 800px) 100vw, 800px\" \/><\/figure>\n<\/div>\n\n\n\n<div class=\"wp-block-column is-layout-flow wp-block-column-is-layout-flow\">\n<figure class=\"wp-block-image size-full\"><img loading=\"lazy\" decoding=\"async\" width=\"960\" height=\"540\" src=\"https:\/\/blog.armeriacarril.comwp-content\/uploads\/2023\/05\/salamanca1.jpg\" alt=\"\" class=\"wp-image-2141\" srcset=\"https:\/\/carriloutdoor.com\/blog\/wp-content\/uploads\/2023\/05\/salamanca1.jpg 960w, https:\/\/carriloutdoor.com\/blog\/wp-content\/uploads\/2023\/05\/salamanca1-300x169.jpg 300w, https:\/\/carriloutdoor.com\/blog\/wp-content\/uploads\/2023\/05\/salamanca1-768x432.jpg 768w, https:\/\/carriloutdoor.com\/blog\/wp-content\/uploads\/2023\/05\/salamanca1-696x392.jpg 696w\" sizes=\"(max-width: 960px) 100vw, 960px\" \/><\/figure>\n<\/div>\n<\/div>\n","protected":false},"excerpt":{"rendered":"<p>Antecedentes Armer\u00eda Carril Garc\u00eda, se fund\u00f3 en 2001 en Zarza de Granadilla con el objetivo de distribuir art\u00edculos relacionados con el mundo cineg\u00e9tico y del tiro deportivo, pasando a ser Sociedad en el a\u00f1o 2006. De capital 100% espa\u00f1ol somos una empresa independiente y no contamos en nuestro accionariado ni con capital riesgo ni avalado. [&hellip;]<\/p>\n","protected":false},"author":1,"featured_media":0,"parent":0,"menu_order":0,"comment_status":"closed","ping_status":"closed","template":"","meta":{"footnotes":""},"class_list":["post-2136","page","type-page","status-publish"],"yoast_head":"<!-- This site is optimized with the Yoast SEO Premium plugin v26.2 (Yoast SEO v26.7) - https:\/\/yoast.com\/wordpress\/plugins\/seo\/ -->\n<title>Sobre nosotros - Carril Outdoor - Blog<\/title>\n<meta name=\"robots\" content=\"index, follow, max-snippet:-1, max-image-preview:large, max-video-preview:-1\" \/>\n<link rel=\"canonical\" href=\"https:\/\/carriloutdoor.com\/blog\/sobre-nosotros\/\" \/>\n<meta property=\"og:locale\" content=\"es_ES\" \/>\n<meta property=\"og:type\" content=\"article\" \/>\n<meta property=\"og:title\" content=\"Sobre nosotros - Carril Outdoor - Blog\" \/>\n<meta property=\"og:description\" content=\"Antecedentes Armer\u00eda Carril Garc\u00eda, se fund\u00f3 en 2001 en Zarza de Granadilla con el objetivo de distribuir art\u00edculos relacionados con el mundo cineg\u00e9tico y del tiro deportivo, pasando a ser Sociedad en el a\u00f1o 2006. De capital 100% espa\u00f1ol somos una empresa independiente y no contamos en nuestro accionariado ni con capital riesgo ni avalado. [&hellip;]\" \/>\n<meta property=\"og:url\" content=\"https:\/\/carriloutdoor.com\/blog\/sobre-nosotros\/\" \/>\n<meta property=\"og:site_name\" content=\"Carril Outdoor - Blog\" \/>\n<meta property=\"article:publisher\" content=\"https:\/\/www.facebook.com\/armeria.carril\/\" \/>\n<meta property=\"og:image\" content=\"https:\/\/blog.armeriacarril.comwp-content\/uploads\/2023\/05\/PLASENCIA-3-11.jpg\" \/>\n<meta name=\"twitter:card\" content=\"summary_large_image\" \/>\n<meta name=\"twitter:label1\" content=\"Tiempo de lectura\" \/>\n\t<meta name=\"twitter:data1\" content=\"2 minutos\" \/>\n<script type=\"application\/ld+json\" class=\"yoast-schema-graph\">{\"@context\":\"https:\/\/schema.org\",\"@graph\":[{\"@type\":\"WebPage\",\"@id\":\"https:\/\/carriloutdoor.com\/blog\/sobre-nosotros\/\",\"url\":\"https:\/\/carriloutdoor.com\/blog\/sobre-nosotros\/\",\"name\":\"Sobre nosotros - Carril Outdoor - Blog\",\"isPartOf\":{\"@id\":\"https:\/\/carriloutdoor.com\/blog\/#website\"},\"primaryImageOfPage\":{\"@id\":\"https:\/\/carriloutdoor.com\/blog\/sobre-nosotros\/#primaryimage\"},\"image\":{\"@id\":\"https:\/\/carriloutdoor.com\/blog\/sobre-nosotros\/#primaryimage\"},\"thumbnailUrl\":\"https:\/\/blog.armeriacarril.comwp-content\/uploads\/2023\/05\/PLASENCIA-3-11.jpg\",\"datePublished\":\"2023-05-05T10:43:04+00:00\",\"inLanguage\":\"es\",\"potentialAction\":[{\"@type\":\"ReadAction\",\"target\":[\"https:\/\/carriloutdoor.com\/blog\/sobre-nosotros\/\"]}]},{\"@type\":\"ImageObject\",\"inLanguage\":\"es\",\"@id\":\"https:\/\/carriloutdoor.com\/blog\/sobre-nosotros\/#primaryimage\",\"url\":\"https:\/\/blog.armeriacarril.comwp-content\/uploads\/2023\/05\/PLASENCIA-3-11.jpg\",\"contentUrl\":\"https:\/\/blog.armeriacarril.comwp-content\/uploads\/2023\/05\/PLASENCIA-3-11.jpg\"},{\"@type\":\"WebSite\",\"@id\":\"https:\/\/carriloutdoor.com\/blog\/#website\",\"url\":\"https:\/\/carriloutdoor.com\/blog\/\",\"name\":\"Carril Outdoor - Blog\",\"description\":\"Armer\u00eda con los mejores art\u00edculos de caza y tiro de competici\u00f3n en Salamanca, Plasencia.\",\"publisher\":{\"@id\":\"https:\/\/carriloutdoor.com\/blog\/#organization\"},\"potentialAction\":[{\"@type\":\"SearchAction\",\"target\":{\"@type\":\"EntryPoint\",\"urlTemplate\":\"https:\/\/carriloutdoor.com\/blog\/?s={search_term_string}\"},\"query-input\":{\"@type\":\"PropertyValueSpecification\",\"valueRequired\":true,\"valueName\":\"search_term_string\"}}],\"inLanguage\":\"es\"},{\"@type\":\"Organization\",\"@id\":\"https:\/\/carriloutdoor.com\/blog\/#organization\",\"name\":\"Armer\u00eda Carril Garc\u00eda\",\"alternateName\":\"Armer\u00eda Carril\",\"url\":\"https:\/\/carriloutdoor.com\/blog\/\",\"logo\":{\"@type\":\"ImageObject\",\"inLanguage\":\"es\",\"@id\":\"https:\/\/carriloutdoor.com\/blog\/#\/schema\/logo\/image\/\",\"url\":\"https:\/\/carriloutdoor.com\/blog\/wp-content\/uploads\/2025\/06\/LOGO-vectorizado-final-COMPLETO_Mesa-de-trabajo-1.png\",\"contentUrl\":\"https:\/\/carriloutdoor.com\/blog\/wp-content\/uploads\/2025\/06\/LOGO-vectorizado-final-COMPLETO_Mesa-de-trabajo-1.png\",\"width\":3176,\"height\":2737,\"caption\":\"Armer\u00eda Carril Garc\u00eda\"},\"image\":{\"@id\":\"https:\/\/carriloutdoor.com\/blog\/#\/schema\/logo\/image\/\"},\"sameAs\":[\"https:\/\/www.facebook.com\/armeria.carril\/\"]}]}<\/script>\n<!-- \/ Yoast SEO Premium plugin. -->","yoast_head_json":{"title":"Sobre nosotros - Carril Outdoor - Blog","robots":{"index":"index","follow":"follow","max-snippet":"max-snippet:-1","max-image-preview":"max-image-preview:large","max-video-preview":"max-video-preview:-1"},"canonical":"https:\/\/carriloutdoor.com\/blog\/sobre-nosotros\/","og_locale":"es_ES","og_type":"article","og_title":"Sobre nosotros - Carril Outdoor - Blog","og_description":"Antecedentes Armer\u00eda Carril Garc\u00eda, se fund\u00f3 en 2001 en Zarza de Granadilla con el objetivo de distribuir art\u00edculos relacionados con el mundo cineg\u00e9tico y del tiro deportivo, pasando a ser Sociedad en el a\u00f1o 2006. De capital 100% espa\u00f1ol somos una empresa independiente y no contamos en nuestro accionariado ni con capital riesgo ni avalado. [&hellip;]","og_url":"https:\/\/carriloutdoor.com\/blog\/sobre-nosotros\/","og_site_name":"Carril Outdoor - Blog","article_publisher":"https:\/\/www.facebook.com\/armeria.carril\/","og_image":[{"url":"https:\/\/blog.armeriacarril.comwp-content\/uploads\/2023\/05\/PLASENCIA-3-11.jpg","type":"","width":"","height":""}],"twitter_card":"summary_large_image","twitter_misc":{"Tiempo de lectura":"2 minutos"},"schema":{"@context":"https:\/\/schema.org","@graph":[{"@type":"WebPage","@id":"https:\/\/carriloutdoor.com\/blog\/sobre-nosotros\/","url":"https:\/\/carriloutdoor.com\/blog\/sobre-nosotros\/","name":"Sobre nosotros - Carril Outdoor - Blog","isPartOf":{"@id":"https:\/\/carriloutdoor.com\/blog\/#website"},"primaryImageOfPage":{"@id":"https:\/\/carriloutdoor.com\/blog\/sobre-nosotros\/#primaryimage"},"image":{"@id":"https:\/\/carriloutdoor.com\/blog\/sobre-nosotros\/#primaryimage"},"thumbnailUrl":"https:\/\/blog.armeriacarril.comwp-content\/uploads\/2023\/05\/PLASENCIA-3-11.jpg","datePublished":"2023-05-05T10:43:04+00:00","inLanguage":"es","potentialAction":[{"@type":"ReadAction","target":["https:\/\/carriloutdoor.com\/blog\/sobre-nosotros\/"]}]},{"@type":"ImageObject","inLanguage":"es","@id":"https:\/\/carriloutdoor.com\/blog\/sobre-nosotros\/#primaryimage","url":"https:\/\/blog.armeriacarril.comwp-content\/uploads\/2023\/05\/PLASENCIA-3-11.jpg","contentUrl":"https:\/\/blog.armeriacarril.comwp-content\/uploads\/2023\/05\/PLASENCIA-3-11.jpg"},{"@type":"WebSite","@id":"https:\/\/carriloutdoor.com\/blog\/#website","url":"https:\/\/carriloutdoor.com\/blog\/","name":"Carril Outdoor - Blog","description":"Armer\u00eda con los mejores art\u00edculos de caza y tiro de competici\u00f3n en Salamanca, Plasencia.","publisher":{"@id":"https:\/\/carriloutdoor.com\/blog\/#organization"},"potentialAction":[{"@type":"SearchAction","target":{"@type":"EntryPoint","urlTemplate":"https:\/\/carriloutdoor.com\/blog\/?s={search_term_string}"},"query-input":{"@type":"PropertyValueSpecification","valueRequired":true,"valueName":"search_term_string"}}],"inLanguage":"es"},{"@type":"Organization","@id":"https:\/\/carriloutdoor.com\/blog\/#organization","name":"Armer\u00eda Carril Garc\u00eda","alternateName":"Armer\u00eda Carril","url":"https:\/\/carriloutdoor.com\/blog\/","logo":{"@type":"ImageObject","inLanguage":"es","@id":"https:\/\/carriloutdoor.com\/blog\/#\/schema\/logo\/image\/","url":"https:\/\/carriloutdoor.com\/blog\/wp-content\/uploads\/2025\/06\/LOGO-vectorizado-final-COMPLETO_Mesa-de-trabajo-1.png","contentUrl":"https:\/\/carriloutdoor.com\/blog\/wp-content\/uploads\/2025\/06\/LOGO-vectorizado-final-COMPLETO_Mesa-de-trabajo-1.png","width":3176,"height":2737,"caption":"Armer\u00eda Carril Garc\u00eda"},"image":{"@id":"https:\/\/carriloutdoor.com\/blog\/#\/schema\/logo\/image\/"},"sameAs":["https:\/\/www.facebook.com\/armeria.carril\/"]}]}},"amp_enabled":true,"_links":{"self":[{"href":"https:\/\/carriloutdoor.com\/blog\/wp-json\/wp\/v2\/pages\/2136","targetHints":{"allow":["GET"]}}],"collection":[{"href":"https:\/\/carriloutdoor.com\/blog\/wp-json\/wp\/v2\/pages"}],"about":[{"href":"https:\/\/carriloutdoor.com\/blog\/wp-json\/wp\/v2\/types\/page"}],"author":[{"embeddable":true,"href":"https:\/\/carriloutdoor.com\/blog\/wp-json\/wp\/v2\/users\/1"}],"replies":[{"embeddable":true,"href":"https:\/\/carriloutdoor.com\/blog\/wp-json\/wp\/v2\/comments?post=2136"}],"version-history":[{"count":1,"href":"https:\/\/carriloutdoor.com\/blog\/wp-json\/wp\/v2\/pages\/2136\/revisions"}],"predecessor-version":[{"id":2142,"href":"https:\/\/carriloutdoor.com\/blog\/wp-json\/wp\/v2\/pages\/2136\/revisions\/2142"}],"wp:attachment":[{"href":"https:\/\/carriloutdoor.com\/blog\/wp-json\/wp\/v2\/media?parent=2136"}],"curies":[{"name":"wp","href":"https:\/\/api.w.org\/{rel}","templated":true}]}}